{"id":4754,"date":"2018-10-18T19:14:12","date_gmt":"2018-10-18T18:14:12","guid":{"rendered":"http:\/\/trasimenomusicfestival.angelahewitt.org\/os\/?page_id=4754"},"modified":"2022-11-25T15:47:14","modified_gmt":"2022-11-25T15:47:14","slug":"tmf-2019","status":"publish","type":"page","link":"https:\/\/trasimenomusicfestival.com\/it\/festival\/programme\/tmf-2019\/","title":{"rendered":"Programma 2019"},"content":{"rendered":"<ul class=\"ecs-event-list\"><li class=\"ecs-event trasimeno-2019_ecs_category\"><span class=\"duration time\"><span class=\"tribe-event-date-start\">sabato 29 Giugno 2019 | 21:00<\/span><\/span><h4 class=\"entry-title summary\"><a href=\"https:\/\/trasimenomusicfestival.com\/it\/event\/opening-concert-in-assisi-19\/\" rel=\"bookmark\">Concerto d&#8217;apertura ad Assisi<br\/><small>leggi tutto<\/small><\/a><\/h4><span class=\"duration venue\"><em> at <\/em>Basilica Superiore di San Francesco, Assisi<\/span><p class=\"ecs-excerpt\">Coro Sinfonico di Milano Giuseppe Verdi Anu Komsi, soprano Anna Bonitatibus, mezzo-soprano Diego Godoy, tenore Christian Senn, basso Angela Hewitt e Gloria Campaner, pianoforti William Crane, harmonium Matthew Halls, direttore <em>Rossini<\/em><\/p><\/li><li class=\"ecs-event trasimeno-2019_ecs_category\"><span class=\"duration time\"><span class=\"tribe-event-date-start\">domenica 30 Giugno 2019 | 17:30<\/span><\/span><h4 class=\"entry-title summary\"><a href=\"https:\/\/trasimenomusicfestival.com\/it\/event\/piano-recital-in-perugia\/\" rel=\"bookmark\">Recital pianistico a Perugia<br\/><small>leggi tutto<\/small><\/a><\/h4><span class=\"duration venue\"><em> at <\/em>Basilica di San Pietro, Perugia<\/span><p class=\"ecs-excerpt\">Angela Hewitt, pianoforte <em>Bach, Mozart, Beethoven<\/em><\/p><\/li><li class=\"ecs-event trasimeno-2019_ecs_category\"><span class=\"duration time\"><span class=\"tribe-event-date-start\">domenica 30 Giugno 2019 | 22:00<\/span><\/span><h4 class=\"entry-title summary\"><a href=\"https:\/\/trasimenomusicfestival.com\/it\/event\/lecons-de-tenebres\/\" rel=\"bookmark\">Le\u00e7ons de T\u00e9n\u00e8bres<br\/><small>leggi tutto<\/small><\/a><\/h4><span class=\"duration venue\"><em> at <\/em>Basilica di San Pietro, Perugia<\/span><p class=\"ecs-excerpt\">Anu e Piia Komsi, soprani Angela Hewitt, organo Cristiano Contadin, viola da gamba Simone Vallerotonda, tiorba <em>Couperin<\/em><\/p><\/li><li class=\"ecs-event trasimeno-2019_ecs_category\"><span class=\"duration time\"><span class=\"tribe-event-date-start\">luned\u00ec 01 Luglio 2019 | 21:15<\/span><\/span><h4 class=\"entry-title summary\"><a href=\"https:\/\/trasimenomusicfestival.com\/it\/event\/chamber-music-in-magione\/\" rel=\"bookmark\">Musica da camera a Magione<br\/><small>leggi tutto<\/small><\/a><\/h4><span class=\"duration venue\"><em> at <\/em>Castello dei Cavalieri di Malta, Magione<\/span><p class=\"ecs-excerpt\">Camerata RCO (solisti della Royal Concertgebouw Orchestra, Amsterdam)\u00a0 Angela Hewitt, pianoforte <em>Martinu, Saint-Sa\u00ebns, Dvor\u00e1k<\/em><\/p><\/li><li class=\"ecs-event trasimeno-2019_ecs_category\"><span class=\"duration time\"><span class=\"tribe-event-date-start\">marted\u00ec 02 Luglio 2019 | 16:00<\/span><\/span><h4 class=\"entry-title summary\"><a href=\"https:\/\/trasimenomusicfestival.com\/it\/event\/ian-mcewan-the-children-act\/\" rel=\"bookmark\">Ian McEwan: Il verdetto<br\/><small>leggi tutto<\/small><\/a><\/h4><span class=\"duration venue\"><em> at <\/em>Teatro Signorelli, Cortona<\/span><p class=\"ecs-excerpt\">Ian McEwan, scrittore Angela Hewitt Presentazione del film 'Il verdetto'<\/p><\/li><li class=\"ecs-event trasimeno-2019_ecs_category\"><span class=\"duration time\"><span class=\"tribe-event-date-start\">marted\u00ec 02 Luglio 2019 | 21:00<\/span><\/span><h4 class=\"entry-title summary\"><a href=\"https:\/\/trasimenomusicfestival.com\/it\/event\/homage-to-barbara-strozzi\/\" rel=\"bookmark\">Omaggio a Barbara Strozzi<br\/><small>leggi tutto<\/small><\/a><\/h4><span class=\"duration venue\"><em> at <\/em>Teatro Signorelli, Cortona<\/span><p class=\"ecs-excerpt\">Il pomo d'oro, orchestra Em\u00f6ke Bar\u00e1th, soprano Francesco Corti, organo e direzione <em>Strozzi, Cavalli, Marini, Cesti<\/em><\/p><\/li><li class=\"ecs-event trasimeno-2019_ecs_category\"><span class=\"duration time\"><span class=\"tribe-event-date-start\">mercoled\u00ec 03 Luglio 2019 | 21:15<\/span><\/span><h4 class=\"entry-title summary\"><a href=\"https:\/\/trasimenomusicfestival.com\/it\/event\/concert-in-magione\/\" rel=\"bookmark\">Concerto a Magione<br\/><small>leggi tutto<\/small><\/a><\/h4><span class=\"duration venue\"><em> at <\/em>Castello dei Cavalieri di Malta, Magione<\/span><p class=\"ecs-excerpt\">Anu Komsi, soprano Mark Simpson, clarinetto Angela Hewitt, pianoforte <em>Beethoven, Brahms, Chopin, Viardot, Schubert<\/em><\/p><\/li><li class=\"ecs-event trasimeno-2019_ecs_category\"><span class=\"duration time\"><span class=\"tribe-event-date-start\">gioved\u00ec 04 Luglio 2019 | 21:00<\/span><\/span><h4 class=\"entry-title summary\"><a href=\"https:\/\/trasimenomusicfestival.com\/it\/event\/20th-and-21st-century-music-in-perugia\/\" rel=\"bookmark\">Musica del XX e XXI secolo a Perugia<br\/><small>leggi tutto<\/small><\/a><\/h4><span class=\"duration venue\"><em> at <\/em>Sala Podiani, Galleria Nazionale dell&#8217;Umbria, Perugia<\/span><p class=\"ecs-excerpt\">Anu Komsi, soprano Piia Komsi, soprano Mark Simpson, clarinetto Angela Hewitt, pianoforte <em>Simpson, Saariaho, Trbojevic<\/em><\/p><\/li><li class=\"ecs-event trasimeno-2019_ecs_category\"><span class=\"duration time\"><span class=\"tribe-event-date-start\">venerd\u00ec 05 Luglio 2019 | 21:15<\/span><\/span><h4 class=\"entry-title summary\"><a href=\"https:\/\/trasimenomusicfestival.com\/it\/event\/closing-concert-of-the-festival\/\" rel=\"bookmark\">Concerto di chiusura del Festival<br\/><small>leggi tutto<\/small><\/a><\/h4><span class=\"duration venue\"><em> at <\/em>Castello dei Cavalieri di Malta, Magione<\/span><p class=\"ecs-excerpt\">Angela Hewitt, pianoforte <em>Bach, Mozart, Ravel<\/em><\/p><\/li><\/ul><!--\n Event listing powered by The Events Calendar Shortcode\n https:\/\/eventcalendarnewsletter.com\/the-events-calendar-shortcode\/ \n-->\n<div style=\"height: 1px;\n    border-top: 1px solid #741213;\n    width: 60%;\n    margin: 0px auto;\n    padding: 0px 0 30px 0;\"><\/div>\n<ul class=\"ecs-event-list\"><li class=\"ecs-event trasimeno-2019-pre_ecs_category\"><span class=\"duration time\"><span class=\"tribe-event-date-start\">venerd\u00ec 28 Giugno 2019 | 21:00<\/span><\/span><h4 class=\"entry-title summary\"><a href=\"https:\/\/trasimenomusicfestival.com\/it\/event\/pre-festival-concert-19\/\" rel=\"bookmark\">Anteprima Festival<br\/><small>leggi tutto<\/small><\/a><\/h4><span class=\"duration venue\"><em> at <\/em>Piazza, Borgo di San Savino, Magione<\/span><p class=\"ecs-excerpt\">Quartetto Fauves <em>Haydn, Schubert<\/em><\/p><\/li><\/ul><!--\n Event listing powered by The Events Calendar Shortcode\n https:\/\/eventcalendarnewsletter.com\/the-events-calendar-shortcode\/ \n-->\n","protected":false},"excerpt":{"rendered":"<a class=\"readmore\" href=\"https:\/\/trasimenomusicfestival.com\/it\/event\/pre-festival-concert-19\/\"><span>leggi tutto<\/span><\/a>","protected":false},"author":2,"featured_media":0,"parent":378,"menu_order":61,"comment_status":"closed","ping_status":"closed","template":"","meta":{"_monsterinsights_skip_tracking":false,"_monsterinsights_sitenote_active":false,"_monsterinsights_sitenote_note":"","_monsterinsights_sitenote_category":0,"footnotes":""},"class_list":["post-4754","page","type-page","status-publish","hentry","cat_trasimeno-2019-pre"],"yoast_head":"<!-- This site is optimized with the Yoast SEO plugin v27.3 - https:\/\/yoast.com\/product\/yoast-seo-wordpress\/ -->\n<title>Programma 2019 - Trasimeno Music Festival<\/title>\n<meta name=\"robots\" content=\"index, follow, max-snippet:-1, max-image-preview:large, max-video-preview:-1\" \/>\n<link rel=\"canonical\" href=\"https:\/\/trasimenomusicfestival.com\/festival\/programme\/tmf-2019\/\" \/>\n<meta name=\"twitter:card\" content=\"summary_large_image\" \/>\n<meta name=\"twitter:title\" content=\"[:en]Programme 2019[:it]Programma 2019[:] - Trasimeno Music Festival\" \/>\n<meta name=\"twitter:site\" content=\"@TrasimenoMusic\" \/>\n<script type=\"application\/ld+json\" class=\"yoast-schema-graph\">{\"@context\":\"https:\\\/\\\/schema.org\",\"@graph\":[{\"@type\":\"WebPage\",\"@id\":\"https:\\\/\\\/trasimenomusicfestival.com\\\/festival\\\/programme\\\/tmf-2019\\\/\",\"url\":\"https:\\\/\\\/trasimenomusicfestival.com\\\/festival\\\/programme\\\/tmf-2019\\\/\",\"name\":\"[:en]Programme 2019[:it]Programma 2019[:] - Trasimeno Music Festival\",\"isPartOf\":{\"@id\":\"https:\\\/\\\/trasimenomusicfestival.com\\\/#website\"},\"datePublished\":\"2018-10-18T18:14:12+00:00\",\"dateModified\":\"2022-11-25T15:47:14+00:00\",\"breadcrumb\":{\"@id\":\"https:\\\/\\\/trasimenomusicfestival.com\\\/festival\\\/programme\\\/tmf-2019\\\/#breadcrumb\"},\"inLanguage\":\"it-IT\",\"potentialAction\":[{\"@type\":\"ReadAction\",\"target\":[\"https:\\\/\\\/trasimenomusicfestival.com\\\/festival\\\/programme\\\/tmf-2019\\\/\"]}]},{\"@type\":\"BreadcrumbList\",\"@id\":\"https:\\\/\\\/trasimenomusicfestival.com\\\/festival\\\/programme\\\/tmf-2019\\\/#breadcrumb\",\"itemListElement\":[{\"@type\":\"ListItem\",\"position\":1,\"name\":\"Home\",\"item\":\"https:\\\/\\\/trasimenomusicfestival.com\\\/\"},{\"@type\":\"ListItem\",\"position\":2,\"name\":\"Festival\",\"item\":\"https:\\\/\\\/trasimenomusicfestival.com\\\/festival\\\/\"},{\"@type\":\"ListItem\",\"position\":3,\"name\":\"[:en]Programme[:it]Programma[:]\",\"item\":\"https:\\\/\\\/trasimenomusicfestival.com\\\/?page_id=378\"},{\"@type\":\"ListItem\",\"position\":4,\"name\":\"Programme 2019\"}]},{\"@type\":\"WebSite\",\"@id\":\"https:\\\/\\\/trasimenomusicfestival.com\\\/#website\",\"url\":\"https:\\\/\\\/trasimenomusicfestival.com\\\/\",\"name\":\"Trasimeno Music Festival\",\"description\":\"Concerti estivi in Umbria e sulle rive del Lago Trasimeno.\",\"publisher\":{\"@id\":\"https:\\\/\\\/trasimenomusicfestival.com\\\/#organization\"},\"potentialAction\":[{\"@type\":\"SearchAction\",\"target\":{\"@type\":\"EntryPoint\",\"urlTemplate\":\"https:\\\/\\\/trasimenomusicfestival.com\\\/?s={search_term_string}\"},\"query-input\":{\"@type\":\"PropertyValueSpecification\",\"valueRequired\":true,\"valueName\":\"search_term_string\"}}],\"inLanguage\":\"it-IT\"},{\"@type\":\"Organization\",\"@id\":\"https:\\\/\\\/trasimenomusicfestival.com\\\/#organization\",\"name\":\"Trasimeno Music Festival\",\"url\":\"https:\\\/\\\/trasimenomusicfestival.com\\\/\",\"logo\":{\"@type\":\"ImageObject\",\"inLanguage\":\"it-IT\",\"@id\":\"https:\\\/\\\/trasimenomusicfestival.com\\\/#\\\/schema\\\/logo\\\/image\\\/\",\"url\":\"https:\\\/\\\/trasimenomusicfestival.com\\\/os\\\/wp-content\\\/uploads\\\/2018\\\/08\\\/TMF-logo.jpg\",\"contentUrl\":\"https:\\\/\\\/trasimenomusicfestival.com\\\/os\\\/wp-content\\\/uploads\\\/2018\\\/08\\\/TMF-logo.jpg\",\"width\":1280,\"height\":854,\"caption\":\"Trasimeno Music Festival\"},\"image\":{\"@id\":\"https:\\\/\\\/trasimenomusicfestival.com\\\/#\\\/schema\\\/logo\\\/image\\\/\"},\"sameAs\":[\"https:\\\/\\\/www.facebook.com\\\/pages\\\/Trasimeno-Music-Festival\\\/133308716785209\",\"https:\\\/\\\/x.com\\\/TrasimenoMusic\",\"https:\\\/\\\/www.youtube.com\\\/channel\\\/UC-FOdrJ8yYapx2cweIM3fYA\"]}]}<\/script>\n<!-- \/ Yoast SEO plugin. -->","yoast_head_json":{"title":"Programma 2019 - Trasimeno Music Festival","robots":{"index":"index","follow":"follow","max-snippet":"max-snippet:-1","max-image-preview":"max-image-preview:large","max-video-preview":"max-video-preview:-1"},"canonical":"https:\/\/trasimenomusicfestival.com\/festival\/programme\/tmf-2019\/","twitter_card":"summary_large_image","twitter_title":"[:en]Programme 2019[:it]Programma 2019[:] - Trasimeno Music Festival","twitter_site":"@TrasimenoMusic","schema":{"@context":"https:\/\/schema.org","@graph":[{"@type":"WebPage","@id":"https:\/\/trasimenomusicfestival.com\/festival\/programme\/tmf-2019\/","url":"https:\/\/trasimenomusicfestival.com\/festival\/programme\/tmf-2019\/","name":"[:en]Programme 2019[:it]Programma 2019[:] - Trasimeno Music Festival","isPartOf":{"@id":"https:\/\/trasimenomusicfestival.com\/#website"},"datePublished":"2018-10-18T18:14:12+00:00","dateModified":"2022-11-25T15:47:14+00:00","breadcrumb":{"@id":"https:\/\/trasimenomusicfestival.com\/festival\/programme\/tmf-2019\/#breadcrumb"},"inLanguage":"it-IT","potentialAction":[{"@type":"ReadAction","target":["https:\/\/trasimenomusicfestival.com\/festival\/programme\/tmf-2019\/"]}]},{"@type":"BreadcrumbList","@id":"https:\/\/trasimenomusicfestival.com\/festival\/programme\/tmf-2019\/#breadcrumb","itemListElement":[{"@type":"ListItem","position":1,"name":"Home","item":"https:\/\/trasimenomusicfestival.com\/"},{"@type":"ListItem","position":2,"name":"Festival","item":"https:\/\/trasimenomusicfestival.com\/festival\/"},{"@type":"ListItem","position":3,"name":"[:en]Programme[:it]Programma[:]","item":"https:\/\/trasimenomusicfestival.com\/?page_id=378"},{"@type":"ListItem","position":4,"name":"Programme 2019"}]},{"@type":"WebSite","@id":"https:\/\/trasimenomusicfestival.com\/#website","url":"https:\/\/trasimenomusicfestival.com\/","name":"Trasimeno Music Festival","description":"Concerti estivi in Umbria e sulle rive del Lago Trasimeno.","publisher":{"@id":"https:\/\/trasimenomusicfestival.com\/#organization"},"potentialAction":[{"@type":"SearchAction","target":{"@type":"EntryPoint","urlTemplate":"https:\/\/trasimenomusicfestival.com\/?s={search_term_string}"},"query-input":{"@type":"PropertyValueSpecification","valueRequired":true,"valueName":"search_term_string"}}],"inLanguage":"it-IT"},{"@type":"Organization","@id":"https:\/\/trasimenomusicfestival.com\/#organization","name":"Trasimeno Music Festival","url":"https:\/\/trasimenomusicfestival.com\/","logo":{"@type":"ImageObject","inLanguage":"it-IT","@id":"https:\/\/trasimenomusicfestival.com\/#\/schema\/logo\/image\/","url":"https:\/\/trasimenomusicfestival.com\/os\/wp-content\/uploads\/2018\/08\/TMF-logo.jpg","contentUrl":"https:\/\/trasimenomusicfestival.com\/os\/wp-content\/uploads\/2018\/08\/TMF-logo.jpg","width":1280,"height":854,"caption":"Trasimeno Music Festival"},"image":{"@id":"https:\/\/trasimenomusicfestival.com\/#\/schema\/logo\/image\/"},"sameAs":["https:\/\/www.facebook.com\/pages\/Trasimeno-Music-Festival\/133308716785209","https:\/\/x.com\/TrasimenoMusic","https:\/\/www.youtube.com\/channel\/UC-FOdrJ8yYapx2cweIM3fYA"]}]}},"_links":{"self":[{"href":"https:\/\/trasimenomusicfestival.com\/it\/wp-json\/wp\/v2\/pages\/4754","targetHints":{"allow":["GET"]}}],"collection":[{"href":"https:\/\/trasimenomusicfestival.com\/it\/wp-json\/wp\/v2\/pages"}],"about":[{"href":"https:\/\/trasimenomusicfestival.com\/it\/wp-json\/wp\/v2\/types\/page"}],"author":[{"embeddable":true,"href":"https:\/\/trasimenomusicfestival.com\/it\/wp-json\/wp\/v2\/users\/2"}],"replies":[{"embeddable":true,"href":"https:\/\/trasimenomusicfestival.com\/it\/wp-json\/wp\/v2\/comments?post=4754"}],"version-history":[{"count":31,"href":"https:\/\/trasimenomusicfestival.com\/it\/wp-json\/wp\/v2\/pages\/4754\/revisions"}],"predecessor-version":[{"id":6458,"href":"https:\/\/trasimenomusicfestival.com\/it\/wp-json\/wp\/v2\/pages\/4754\/revisions\/6458"}],"up":[{"embeddable":true,"href":"https:\/\/trasimenomusicfestival.com\/it\/wp-json\/wp\/v2\/pages\/378"}],"wp:attachment":[{"href":"https:\/\/trasimenomusicfestival.com\/it\/wp-json\/wp\/v2\/media?parent=4754"}],"curies":[{"name":"wp","href":"https:\/\/api.w.org\/{rel}","templated":true}]}}