{"id":4312,"date":"2018-08-22T16:31:50","date_gmt":"2018-08-22T15:31:50","guid":{"rendered":"http:\/\/trasimenomusicfestival.angelahewitt.org\/os\/?page_id=4312"},"modified":"2026-02-13T10:47:28","modified_gmt":"2026-02-13T10:47:28","slug":"booking","status":"publish","type":"page","link":"https:\/\/trasimenomusicfestival.com\/it\/festival\/booking\/","title":{"rendered":"Biglietti"},"content":{"rendered":"<img loading=\"lazy\" decoding=\"async\" src=\"http:\/\/trasimenomusicfestival.com\/os\/wp-content\/uploads\/2018\/10\/booking.jpg\" alt=\"\" width=\"920\" height=\"150\" class=\"alignnone size-full wp-image-4494\" srcset=\"https:\/\/trasimenomusicfestival.com\/os\/wp-content\/uploads\/2018\/10\/booking.jpg 920w, https:\/\/trasimenomusicfestival.com\/os\/wp-content\/uploads\/2018\/10\/booking-350x57.jpg 350w, https:\/\/trasimenomusicfestival.com\/os\/wp-content\/uploads\/2018\/10\/booking-300x49.jpg 300w, https:\/\/trasimenomusicfestival.com\/os\/wp-content\/uploads\/2018\/10\/booking-768x125.jpg 768w\" sizes=\"auto, (max-width: 920px) 100vw, 920px\" \/><\/p>\n<h3 style=\"margin-bottom: 23px;\">La ventunesima edizione del Trasimeno Music Festival si terr\u00e0 dal 24 al 30 giugno 2026.<\/h3>\n<p><strong style=\"color:#741213\">CARI AMICI<\/strong><\/p>\n<p>Per gli Amici del Festival <em>(coloro che hanno effettuato una donazione dopo il 3 luglio 2025)<\/em> \u00e8 possibile ora acquistare <a href=\"https:\/\/trasimenomusicfestival.com\/it\/festival\/packages\/\" title=\"I pacchetti e gli abbonamenti per il Trasimeno Music Festival 2026\">i pacchetti e gli abbonamenti per il Trasimeno Music Festival 2026<\/a>.<\/p>\n<p>I <strong>pacchetti<\/strong> includono i biglietti per tutti i concerti, le cene di gala, il pernottamento in hotel <em>(diverse categorie tra cui scegliere)<\/em> con colazione inclusa e il servizio navetta per i concerti.<\/p>\n<p>Gli <strong>abbonamenti<\/strong> includono solo i biglietti per i concerti e un&#8217;opzione per le cene di gala <em>(senza pernottamento; il servizio navetta da Perugia ai concerti a Magione \u00e8 disponibile solo su richiesta e a un costo aggiuntivo)<\/em>.<\/p>\n<p>Vi consigliamo di diventare Amici del Festival per assicurarVi i posti, poich\u00e9 la capienza \u00e8 limitata. Per farlo, visitate <a href=\"https:\/\/trasimenomusicfestival.com\/donations\/\">la pagina dedicata alle donazioni.<\/a>.<\/p>\n<p><strong>Una volta effettuata la donazione<\/strong>, gli organizzatori del festival Vi invieranno una password per effettuare la prenotazione. <\/p>\n<div class=\"standardbox\" style=\"width: fit-content;\"><a href=\"https:\/\/trasimenomusicfestival.com\/it\/donations\/\">Diventa un Amico del Festival &rarr;<\/a><\/div>\n<p><em>Qui di seguito trovate le date corrispondenti ai periodi di prenotazione riservati ai donatori:<\/em><br \/>\n<strong>15-20 gennaio<\/strong>: Prenotazioni per i livelli Platinum Patron, Gold Patron, Patron<br \/>\n<strong>21-24 gennaio<\/strong>: Apertura delle prenotazioni per il livello Donor<br \/>\n<strong>25-28 gennaio<\/strong>: Apertura delle prenotazioni per il livello Contributor<br \/>\n<strong>29-31 gennaio<\/strong>: Apertura delle prenotazioni per il livello Supporter<br \/>\n<strong>1-4 febbraio<\/strong>: Apertura delle prenotazioni per il livello Friend<\/p>\n<p>In quanto <strong>Platinum Patron<\/strong> \u00e8 possibile prenotare pacchetti per <strong>un massimo di 6 persone<\/strong>.<br \/>\nIn quanto <strong>Gold Patron<\/strong> \u00e8 possibile prenotare pacchetti per <strong>un massimo di 4 persone<\/strong>.<br \/>\nIn quanto <strong>Patron<\/strong> e <strong>Donor<\/strong> \u00e8 possibile prenotare pacchetti per <strong>un massimo di 3 persone<\/strong>.<br \/>\nPer <strong>tutti gli altri livelli<\/strong> \u00e8 possibile prenotare pacchetti per <strong>un massimo di 2 persone<\/strong>.<\/p>\n<p><strong style=\"color:#741213\">NOTA BENE<\/strong>: La prenotazione vera e propria dei posti inizier\u00e0 in seguito, tramite la nostra agenzia di biglietteria  on-line Ticket Italia. Ad ogni categoria verr\u00e0 assegnato un periodo di priorit\u00e0, a partire dall&#8217;alto. Sarete tempestivamente informati.<\/p>\n<p><em>I Pacchetti e gli abbonamenti per il pubblico generale saranno in vendita dal 1\u00b0 marzo 2026.<br \/>\nI biglietti per i singoli concerti per il pubblico generale saranno in vendita dal 1\u00b0 maggio 2026.<\/em><\/p>\n<h3 style=\"color:#741213\">Vi aspettiamo a braccia aperte in Umbria!<\/h3>\n<p>Per qualsiasi altra informazione, Vi invitiamo a contattare:<br \/>\nMaria Beneduce: +39 393 9458554 \/ Ufficio Festival: +39 075 5153024 \/ <a href=\"mailto:info@trasimenomusicfestival.com\" rel=\"noopener\" target=\"_blank\">info@trasimenomusicfestival.com<\/a>","protected":false},"excerpt":{"rendered":"<p>La ventunesima edizione del Trasimeno Music Festival si terr\u00e0 dal 24 al 30 giugno 2026. CARI AMICI Per gli Amici del Festival (coloro che hanno effettuato una donazione dopo il 3 luglio 2025) \u00e8 possibile ora acquistare i pacchetti e gli abbonamenti per il Trasimeno Music Festival 2026. I pacchetti includono i biglietti per tutti i concerti, le cene di gala, il pernottamento in hotel (diverse categorie tra cui scegliere) con colazione inclusa e il servizio navetta per i concerti. Gli abbonamenti includono solo i biglietti per i concerti e un&#8217;opzione per le cene di gala (senza pernottamento; il servizio navetta da Perugia ai concerti a Magione \u00e8 disponibile solo su richiesta e a un costo aggiuntivo). Vi consigliamo di diventare Amici del Festival per assicurarVi i posti, poich\u00e9 la capienza \u00e8 limitata. Per farlo, visitate la pagina dedicata alle donazioni.. Una volta effettuata la donazione, gli organizzatori del festival Vi invieranno una password per effettuare la prenotazione. Diventa un Amico del Festival &rarr; Qui di seguito trovate le date corrispondenti ai periodi di prenotazione riservati ai donatori: 15-20 gennaio: Prenotazioni per i livelli Platinum Patron, Gold Patron, Patron 21-24 gennaio: Apertura delle prenotazioni per il livello Donor 25-28 gennaio: Apertura delle prenotazioni per il livello Contributor 29-31 gennaio: Apertura delle prenotazioni per il livello Supporter 1-4 febbraio: Apertura delle prenotazioni per il livello Friend In quanto Platinum Patron \u00e8 possibile prenotare pacchetti per un massimo di 6 persone. In quanto Gold Patron \u00e8 possibile prenotare pacchetti per un massimo di 4 persone. In quanto Patron e Donor \u00e8 possibile prenotare pacchetti per un massimo di 3 persone. Per tutti gli altri livelli \u00e8 possibile prenotare pacchetti per un massimo di 2 persone. NOTA BENE: La prenotazione vera e propria dei posti inizier\u00e0 in seguito, tramite la nostra agenzia di biglietteria on-line Ticket Italia. Ad ogni categoria verr\u00e0 assegnato un periodo di priorit\u00e0, a partire dall&#8217;alto. Sarete tempestivamente informati. I Pacchetti e gli abbonamenti per il pubblico generale saranno in vendita dal 1\u00b0 marzo 2026. I biglietti per i singoli concerti per il pubblico generale saranno in vendita dal 1\u00b0 maggio 2026. Vi aspettiamo a braccia aperte in Umbria! Per qualsiasi altra informazione, Vi invitiamo a contattare: Maria Beneduce: +39 393 9458554 \/ Ufficio Festival: +39 075 5153024 \/ info@trasimenomusicfestival.com<\/p>\n<a class=\"readmore\" href=\"https:\/\/trasimenomusicfestival.com\/it\/festival\/booking\/\"><span>leggi tutto<\/span><\/a>","protected":false},"author":2,"featured_media":0,"parent":373,"menu_order":49,"comment_status":"closed","ping_status":"closed","template":"","meta":{"_monsterinsights_skip_tracking":false,"_monsterinsights_sitenote_active":false,"_monsterinsights_sitenote_note":"","_monsterinsights_sitenote_category":0,"footnotes":""},"class_list":["post-4312","page","type-page","status-publish","hentry"],"yoast_head":"<!-- This site is optimized with the Yoast SEO plugin v27.3 - https:\/\/yoast.com\/product\/yoast-seo-wordpress\/ -->\n<title>Biglietti - Trasimeno Music Festival<\/title>\n<meta name=\"description\" content=\"The twenty-first Trasimeno Music Festival will be held from June 24 - 30, 2026.\" \/>\n<meta name=\"robots\" content=\"index, follow, max-snippet:-1, max-image-preview:large, max-video-preview:-1\" \/>\n<link rel=\"canonical\" href=\"https:\/\/trasimenomusicfestival.com\/festival\/booking\/\" \/>\n<meta name=\"twitter:card\" content=\"summary_large_image\" \/>\n<meta name=\"twitter:title\" content=\"[:en]Booking[:it]Biglietti[:] - Trasimeno Music Festival\" \/>\n<meta name=\"twitter:description\" content=\"The twenty-first Trasimeno Music Festival will be held from June 24 - 30, 2026.\" \/>\n<meta name=\"twitter:image\" content=\"https:\/\/trasimenomusicfestival.com\/os\/wp-content\/uploads\/2018\/10\/booking.jpg\" \/>\n<meta name=\"twitter:site\" content=\"@TrasimenoMusic\" \/>\n<meta name=\"twitter:label1\" content=\"Tempo di lettura stimato\" \/>\n\t<meta name=\"twitter:data1\" content=\"3 minuti\" \/>\n<script type=\"application\/ld+json\" class=\"yoast-schema-graph\">{\"@context\":\"https:\\\/\\\/schema.org\",\"@graph\":[{\"@type\":\"WebPage\",\"@id\":\"https:\\\/\\\/trasimenomusicfestival.com\\\/festival\\\/booking\\\/\",\"url\":\"https:\\\/\\\/trasimenomusicfestival.com\\\/festival\\\/booking\\\/\",\"name\":\"[:en]Booking[:it]Biglietti[:] - Trasimeno Music Festival\",\"isPartOf\":{\"@id\":\"https:\\\/\\\/trasimenomusicfestival.com\\\/#website\"},\"primaryImageOfPage\":{\"@id\":\"https:\\\/\\\/trasimenomusicfestival.com\\\/festival\\\/booking\\\/#primaryimage\"},\"image\":{\"@id\":\"https:\\\/\\\/trasimenomusicfestival.com\\\/festival\\\/booking\\\/#primaryimage\"},\"thumbnailUrl\":\"http:\\\/\\\/trasimenomusicfestival.com\\\/os\\\/wp-content\\\/uploads\\\/2018\\\/10\\\/booking.jpg\",\"datePublished\":\"2018-08-22T15:31:50+00:00\",\"dateModified\":\"2026-02-13T10:47:28+00:00\",\"description\":\"The twenty-first Trasimeno Music Festival will be held from June 24 - 30, 2026.\",\"breadcrumb\":{\"@id\":\"https:\\\/\\\/trasimenomusicfestival.com\\\/festival\\\/booking\\\/#breadcrumb\"},\"inLanguage\":\"it-IT\",\"potentialAction\":[{\"@type\":\"ReadAction\",\"target\":[\"https:\\\/\\\/trasimenomusicfestival.com\\\/festival\\\/booking\\\/\"]}]},{\"@type\":\"ImageObject\",\"inLanguage\":\"it-IT\",\"@id\":\"https:\\\/\\\/trasimenomusicfestival.com\\\/festival\\\/booking\\\/#primaryimage\",\"url\":\"http:\\\/\\\/trasimenomusicfestival.com\\\/os\\\/wp-content\\\/uploads\\\/2018\\\/10\\\/booking.jpg\",\"contentUrl\":\"http:\\\/\\\/trasimenomusicfestival.com\\\/os\\\/wp-content\\\/uploads\\\/2018\\\/10\\\/booking.jpg\"},{\"@type\":\"BreadcrumbList\",\"@id\":\"https:\\\/\\\/trasimenomusicfestival.com\\\/festival\\\/booking\\\/#breadcrumb\",\"itemListElement\":[{\"@type\":\"ListItem\",\"position\":1,\"name\":\"Home\",\"item\":\"https:\\\/\\\/trasimenomusicfestival.com\\\/\"},{\"@type\":\"ListItem\",\"position\":2,\"name\":\"Festival\",\"item\":\"https:\\\/\\\/trasimenomusicfestival.com\\\/festival\\\/\"},{\"@type\":\"ListItem\",\"position\":3,\"name\":\"Booking\"}]},{\"@type\":\"WebSite\",\"@id\":\"https:\\\/\\\/trasimenomusicfestival.com\\\/#website\",\"url\":\"https:\\\/\\\/trasimenomusicfestival.com\\\/\",\"name\":\"Trasimeno Music Festival\",\"description\":\"Concerti estivi in Umbria e sulle rive del Lago Trasimeno.\",\"publisher\":{\"@id\":\"https:\\\/\\\/trasimenomusicfestival.com\\\/#organization\"},\"potentialAction\":[{\"@type\":\"SearchAction\",\"target\":{\"@type\":\"EntryPoint\",\"urlTemplate\":\"https:\\\/\\\/trasimenomusicfestival.com\\\/?s={search_term_string}\"},\"query-input\":{\"@type\":\"PropertyValueSpecification\",\"valueRequired\":true,\"valueName\":\"search_term_string\"}}],\"inLanguage\":\"it-IT\"},{\"@type\":\"Organization\",\"@id\":\"https:\\\/\\\/trasimenomusicfestival.com\\\/#organization\",\"name\":\"Trasimeno Music Festival\",\"url\":\"https:\\\/\\\/trasimenomusicfestival.com\\\/\",\"logo\":{\"@type\":\"ImageObject\",\"inLanguage\":\"it-IT\",\"@id\":\"https:\\\/\\\/trasimenomusicfestival.com\\\/#\\\/schema\\\/logo\\\/image\\\/\",\"url\":\"https:\\\/\\\/trasimenomusicfestival.com\\\/os\\\/wp-content\\\/uploads\\\/2018\\\/08\\\/TMF-logo.jpg\",\"contentUrl\":\"https:\\\/\\\/trasimenomusicfestival.com\\\/os\\\/wp-content\\\/uploads\\\/2018\\\/08\\\/TMF-logo.jpg\",\"width\":1280,\"height\":854,\"caption\":\"Trasimeno Music Festival\"},\"image\":{\"@id\":\"https:\\\/\\\/trasimenomusicfestival.com\\\/#\\\/schema\\\/logo\\\/image\\\/\"},\"sameAs\":[\"https:\\\/\\\/www.facebook.com\\\/pages\\\/Trasimeno-Music-Festival\\\/133308716785209\",\"https:\\\/\\\/x.com\\\/TrasimenoMusic\",\"https:\\\/\\\/www.youtube.com\\\/channel\\\/UC-FOdrJ8yYapx2cweIM3fYA\"]}]}<\/script>\n<!-- \/ Yoast SEO plugin. -->","yoast_head_json":{"title":"Biglietti - Trasimeno Music Festival","description":"The twenty-first Trasimeno Music Festival will be held from June 24 - 30, 2026.","robots":{"index":"index","follow":"follow","max-snippet":"max-snippet:-1","max-image-preview":"max-image-preview:large","max-video-preview":"max-video-preview:-1"},"canonical":"https:\/\/trasimenomusicfestival.com\/festival\/booking\/","twitter_card":"summary_large_image","twitter_title":"[:en]Booking[:it]Biglietti[:] - Trasimeno Music Festival","twitter_description":"The twenty-first Trasimeno Music Festival will be held from June 24 - 30, 2026.","twitter_image":"https:\/\/trasimenomusicfestival.com\/os\/wp-content\/uploads\/2018\/10\/booking.jpg","twitter_site":"@TrasimenoMusic","twitter_misc":{"Tempo di lettura stimato":"3 minuti"},"schema":{"@context":"https:\/\/schema.org","@graph":[{"@type":"WebPage","@id":"https:\/\/trasimenomusicfestival.com\/festival\/booking\/","url":"https:\/\/trasimenomusicfestival.com\/festival\/booking\/","name":"[:en]Booking[:it]Biglietti[:] - Trasimeno Music Festival","isPartOf":{"@id":"https:\/\/trasimenomusicfestival.com\/#website"},"primaryImageOfPage":{"@id":"https:\/\/trasimenomusicfestival.com\/festival\/booking\/#primaryimage"},"image":{"@id":"https:\/\/trasimenomusicfestival.com\/festival\/booking\/#primaryimage"},"thumbnailUrl":"http:\/\/trasimenomusicfestival.com\/os\/wp-content\/uploads\/2018\/10\/booking.jpg","datePublished":"2018-08-22T15:31:50+00:00","dateModified":"2026-02-13T10:47:28+00:00","description":"The twenty-first Trasimeno Music Festival will be held from June 24 - 30, 2026.","breadcrumb":{"@id":"https:\/\/trasimenomusicfestival.com\/festival\/booking\/#breadcrumb"},"inLanguage":"it-IT","potentialAction":[{"@type":"ReadAction","target":["https:\/\/trasimenomusicfestival.com\/festival\/booking\/"]}]},{"@type":"ImageObject","inLanguage":"it-IT","@id":"https:\/\/trasimenomusicfestival.com\/festival\/booking\/#primaryimage","url":"http:\/\/trasimenomusicfestival.com\/os\/wp-content\/uploads\/2018\/10\/booking.jpg","contentUrl":"http:\/\/trasimenomusicfestival.com\/os\/wp-content\/uploads\/2018\/10\/booking.jpg"},{"@type":"BreadcrumbList","@id":"https:\/\/trasimenomusicfestival.com\/festival\/booking\/#breadcrumb","itemListElement":[{"@type":"ListItem","position":1,"name":"Home","item":"https:\/\/trasimenomusicfestival.com\/"},{"@type":"ListItem","position":2,"name":"Festival","item":"https:\/\/trasimenomusicfestival.com\/festival\/"},{"@type":"ListItem","position":3,"name":"Booking"}]},{"@type":"WebSite","@id":"https:\/\/trasimenomusicfestival.com\/#website","url":"https:\/\/trasimenomusicfestival.com\/","name":"Trasimeno Music Festival","description":"Concerti estivi in Umbria e sulle rive del Lago Trasimeno.","publisher":{"@id":"https:\/\/trasimenomusicfestival.com\/#organization"},"potentialAction":[{"@type":"SearchAction","target":{"@type":"EntryPoint","urlTemplate":"https:\/\/trasimenomusicfestival.com\/?s={search_term_string}"},"query-input":{"@type":"PropertyValueSpecification","valueRequired":true,"valueName":"search_term_string"}}],"inLanguage":"it-IT"},{"@type":"Organization","@id":"https:\/\/trasimenomusicfestival.com\/#organization","name":"Trasimeno Music Festival","url":"https:\/\/trasimenomusicfestival.com\/","logo":{"@type":"ImageObject","inLanguage":"it-IT","@id":"https:\/\/trasimenomusicfestival.com\/#\/schema\/logo\/image\/","url":"https:\/\/trasimenomusicfestival.com\/os\/wp-content\/uploads\/2018\/08\/TMF-logo.jpg","contentUrl":"https:\/\/trasimenomusicfestival.com\/os\/wp-content\/uploads\/2018\/08\/TMF-logo.jpg","width":1280,"height":854,"caption":"Trasimeno Music Festival"},"image":{"@id":"https:\/\/trasimenomusicfestival.com\/#\/schema\/logo\/image\/"},"sameAs":["https:\/\/www.facebook.com\/pages\/Trasimeno-Music-Festival\/133308716785209","https:\/\/x.com\/TrasimenoMusic","https:\/\/www.youtube.com\/channel\/UC-FOdrJ8yYapx2cweIM3fYA"]}]}},"_links":{"self":[{"href":"https:\/\/trasimenomusicfestival.com\/it\/wp-json\/wp\/v2\/pages\/4312","targetHints":{"allow":["GET"]}}],"collection":[{"href":"https:\/\/trasimenomusicfestival.com\/it\/wp-json\/wp\/v2\/pages"}],"about":[{"href":"https:\/\/trasimenomusicfestival.com\/it\/wp-json\/wp\/v2\/types\/page"}],"author":[{"embeddable":true,"href":"https:\/\/trasimenomusicfestival.com\/it\/wp-json\/wp\/v2\/users\/2"}],"replies":[{"embeddable":true,"href":"https:\/\/trasimenomusicfestival.com\/it\/wp-json\/wp\/v2\/comments?post=4312"}],"version-history":[{"count":77,"href":"https:\/\/trasimenomusicfestival.com\/it\/wp-json\/wp\/v2\/pages\/4312\/revisions"}],"predecessor-version":[{"id":13962,"href":"https:\/\/trasimenomusicfestival.com\/it\/wp-json\/wp\/v2\/pages\/4312\/revisions\/13962"}],"up":[{"embeddable":true,"href":"https:\/\/trasimenomusicfestival.com\/it\/wp-json\/wp\/v2\/pages\/373"}],"wp:attachment":[{"href":"https:\/\/trasimenomusicfestival.com\/it\/wp-json\/wp\/v2\/media?parent=4312"}],"curies":[{"name":"wp","href":"https:\/\/api.w.org\/{rel}","templated":true}]}}