{"id":3110,"date":"2018-08-15T13:48:33","date_gmt":"2018-08-15T12:48:33","guid":{"rendered":"http:\/\/trasimenomusicfestival.angelahewitt.org\/os\/?page_id=3110"},"modified":"2023-08-17T08:11:18","modified_gmt":"2023-08-17T07:11:18","slug":"masterclasses","status":"publish","type":"page","link":"https:\/\/trasimenomusicfestival.com\/it\/masterclasses\/","title":{"rendered":"Masterclasses"},"content":{"rendered":"<img loading=\"lazy\" decoding=\"async\" src=\"http:\/\/trasimenomusicfestival.com\/os\/wp-content\/uploads\/2018\/10\/masterclass2010.jpg\" alt=\"\" width=\"920\" height=\"150\" class=\"alignnone size-full wp-image-4499\" srcset=\"https:\/\/trasimenomusicfestival.com\/os\/wp-content\/uploads\/2018\/10\/masterclass2010.jpg 920w, https:\/\/trasimenomusicfestival.com\/os\/wp-content\/uploads\/2018\/10\/masterclass2010-350x57.jpg 350w, https:\/\/trasimenomusicfestival.com\/os\/wp-content\/uploads\/2018\/10\/masterclass2010-300x49.jpg 300w, https:\/\/trasimenomusicfestival.com\/os\/wp-content\/uploads\/2018\/10\/masterclass2010-768x125.jpg 768w\" sizes=\"auto, (max-width: 920px) 100vw, 920px\" \/><\/p>\n<div class=\"column-half first\">\n<h3 style=\"color: #333\">L\u2019Associazione Trasimeno Music Festival presenta:<\/h3>\n<h3 style=\"margin-top: 0\">La quarta Masterclass Internazionale di Angela Hewitt, che si terra\u2019 nei giorni 16 \u2013 23 Agosto 2023 a Perugia in collaborazione con l\u2019Istituto Musicale Diocesano G. Frescobaldi.<\/h3>\n<p>Angela Hewitt vi invita a partecipare alla sua quarta Masterclass Internazionale di pianoforte nella splendida Umbria.<br \/>\nLa possibilit\u00e0 di partecipare a una masterclass di una settimana con una delle pianiste pi\u00f9 richieste al mondo sar\u00e0 un evento stimolante.<\/p>\n<p>La sede delle lezioni sar\u00e0 l\u2019Auditorium Marianum dell\u2019Istituto Musicale Diocesano G. Frescobaldi di Perugia, Corso Cavour 184.<br \/>\nLe lezioni si terranno in lingua inglese.<\/p>\n<p><strong>Costo delle lezioni:<\/strong><br \/>\n500 \u20ac per gli allievi effettivi<br \/>\n<em>(Borse di studio potrebbero essere disponibili su richiesta)<\/em><br \/>\n100 \u20ac per gli uditori<br \/>\n50 \u20ac per gli uditori (fino a 25 anni)<br \/>\n50 \u20ac per ciascuno dei quattro ulteriori allievi effettivi che parteciperanno all&#8217;ultima sessione di lezioni<\/p>\n<p><strong>Costo per gli uditori giornalieri:<\/strong><br \/>\n20 \u20ac al giorno (adulti)<br \/>\n10 \u20ac al giorno (fino a 25 anni)<br \/>\nPer 3 ore di lezione:<br \/>\n10 \u20ac (adulti)<br \/>\n5 \u20ac (fino a 25 anni)<\/p>\n<div class=\"dload\">Scarica: <a href=\"https:\/\/trasimenomusicfestival.com\/os\/wp-content\/uploads\/2023\/01\/TMF-Masterclass-application-form-2023.pdf\" target=\"_blank\" rel=\"noopener noreferrer\"><strong>Modulo di iscrizione Masterclass 2023<\/strong> <em>(pdf)<\/em><\/a><\/div>\n<\/div><div class=\"column-half second\"><strong>Iscrizioni<\/strong><br \/>\n<em>Le domande di iscrizione per gli allievi effettivi devono pervenire entro il 23 Marzo 2023.<\/em><br \/>\nPer evitare delusioni vi consigliamo di iscrivervi tempestivamente, i posti per gli allievi effettivi sono limitati.<br \/>\nAllievi effettivi \u2013 Numero massimo 10 (pi\u00f9 4 ulteriori allievi effettivi che potranno suonare un solo brano nel corso dell&#8217;ultima sessione di lezioni).<br \/>\nGli allievi effettivi devono avere un\u2019et\u00e0 compresa tra i 14 e i 30 anni. Gli studenti di et\u00e0 inferiore ai 18 anni devono essere accompagnati da un adulto.<br \/>\nPer gli uditori non ci sono limiti di et\u00e0 e possono iscriversi in ogni momento.<\/p>\n<p>Le domande devono essere inviate per e-mail a:<br \/>\n<strong><a href=\"mailto:masterclasses@trasimenomusicfestival.com\">masterclasses@trasimenomusicfestival.com<\/a><\/strong><\/p>\n<p>Tutti gli studenti che intendono partecipare come allievi effettivi alla masterclass devono allegare alla domanda di iscrizione una registrazione video recente (degli ultimi 2 anni), di buona qualit\u00e0, contenente l\u2019esecuzione di due brani di periodi storici diversi, sotto forma di link ad un clip online. Gli uditori non devono fornire nessuna registrazione.<\/p>\n<p>Angela Hewitt selezioner\u00e0 10 allievi effettivi per l&#8217;intera masterclass e 4 per la sessione finale. Tutti gli allievi effettivi saranno informati dell&#8217;ammissione al corso entro e non oltre il 31 Marzo 2023.<\/p>\n<p>Un attestato di partecipazione verr\u00e0 consegnato a tutti i partecipanti attivi alla fine del corso.<br \/>\nLa quota di iscrizione per gli allievi effettivi deve pervenire entro e non oltre il 15 Luglio 2023. Il metodo di pagamento sar\u00e0 comunicato al momento dell\u2019accettazione.<\/div>\n<div class=\"column-half first\"><strong>Alloggio e studio<\/strong><br \/>\nSaranno disponibili pianoforti per studiare presso l\u2019Istituto G. Frescobaldi, sede delle lezioni, dalle ore 8:30 alle ore 21:00.<br \/>\nPer informazioni sull\u2019alloggio, per favore contattateci al seguente indirizzo, indicando la vostra disponibilit\u00e0 o meno a condividere la camera con altri studenti: <a href=\"mailto:masterclasses@trasimenomusicfestival.com\">masterclasses@trasimenomusicfestival.com<\/a><\/p>\n<p><strong>Repertorio richiesto per la Masterclass<\/strong><br \/>\n<em>Tutti i partecipanti attivi dovranno preparare quanto segue:<\/em><br \/>\n\u2013 Un\u2019opera maggiore di J.S. Bach (escluse le Variazioni Goldberg e l\u2019Arte della Fuga) o 2 Preludi e Fughe<br \/>\n\u2013 Una Sonata di Mozart o Beethoven<br \/>\n\u2013 Un brano di Mendelssohn, Chopin, Schumann, Brahms, o Liszt<br \/>\n\u2013 Due pezzi a scelta dal proprio repertorio (escluse opere di Rachmaninoff, Tchaikovsky, Scriabin, Medtner, Bach\/Busoni e altre trascrizioni di opere di J.S. Bach)<br \/>\n\u2013 Un Concerto per pianoforte e orchestra di Bach, Mozart, Beethoven, Mendelssohn, Chopin, Liszt, Schumann, o Ravel<\/p>\n<p><em>Tutti i brani devono essere preparati a memoria.<\/em><\/p>\n<p>Tutti gli studenti saranno tenuti a frequentare non solo le proprie lezioni, ma dovranno anche ascoltare le lezioni mattutine o pomeridiane degli altri allievi.<\/div><div class=\"column-half second\"><strong>Orario della Masterclass<\/strong><\/p>\n<p>16 Agosto:  15 &#8211; 18 (Bach)<\/p>\n<p>17 Agosto: 10 &#8211; 13 (Bach) e 15 &#8211; 18 (Bach)<\/p>\n<p>18 Agosto: 10 &#8211; 13 e 15 &#8211; 18 (Sonate del periodo classico)<\/p>\n<p>19 Agosto: 10 &#8211; 13 e 15 &#8211; 18 (Repertorio romantico)<\/p>\n<p>20 Agosto: 10 &#8211; 13 e 15 &#8211; 18 (Primo brano a scelta)<\/p>\n<p>21 Agosto: 10 &#8211; 13 e 15 &#8211; 18 (Secondo brano a scelta)<\/p>\n<p>22 Agosto: 10 &#8211; 13 e 15 &#8211; 18 (Concerti)<\/p>\n<p>23 Agosto: 10 &#8211; 13: Tre studenti eseguiranno brani di Bach, Faur\u00e9 e Beethoven<\/p>\n<p>23 Agosto: 18 &#8211; 20 Concerto Finale degli studenti <\/p>\n<p>Per ulteriori informazioni, non esitate a contattarci al seguente indirizzo: <strong><a href=\"mailto:masterclasses@trasimenomusicfestival.com\">masterclasses@trasimenomusicfestival.com<\/a><\/strong><\/div>\n<div style=\"background: #f7f7f7;padding: 7px;text-align: center\">Previous events: <a href=\"[php_everywhere]\/masterclasses\/perugia-2016\/\"><strong>Perugia 2016<\/strong><\/a> \/ <a href=\"[php_everywhere]\/masterclasses\/spoleto-2014\/\"><strong>Spoleto 2014<\/strong><\/a><\/div>","protected":false},"excerpt":{"rendered":"<p>Previous events: Perugia 2016 \/ Spoleto 2014<\/p>\n<a class=\"readmore\" href=\"https:\/\/trasimenomusicfestival.com\/it\/masterclasses\/\"><span>leggi tutto<\/span><\/a>","protected":false},"author":2,"featured_media":0,"parent":0,"menu_order":24,"comment_status":"closed","ping_status":"closed","template":"","meta":{"_monsterinsights_skip_tracking":false,"_monsterinsights_sitenote_active":false,"_monsterinsights_sitenote_note":"","_monsterinsights_sitenote_category":0,"footnotes":""},"class_list":["post-3110","page","type-page","status-publish","hentry"],"yoast_head":"<!-- This site is optimized with the Yoast SEO plugin v27.3 - https:\/\/yoast.com\/product\/yoast-seo-wordpress\/ -->\n<title>Masterclasses - Trasimeno Music Festival<\/title>\n<meta name=\"description\" content=\"Angela Hewitt invites you to take part in her fourth International Piano Masterclass in beautiful Umbria. The chance to participate in a masterclass for a week with one of the most sought-after pianists in the world will be an inspiring event, not to be missed!\" \/>\n<meta name=\"robots\" content=\"index, follow, max-snippet:-1, max-image-preview:large, max-video-preview:-1\" \/>\n<link rel=\"canonical\" href=\"https:\/\/trasimenomusicfestival.com\/masterclasses\/\" \/>\n<meta name=\"twitter:card\" content=\"summary_large_image\" \/>\n<meta name=\"twitter:title\" content=\"Masterclasses - Trasimeno Music Festival\" \/>\n<meta name=\"twitter:description\" content=\"Angela Hewitt invites you to take part in her fourth International Piano Masterclass in beautiful Umbria. The chance to participate in a masterclass for a week with one of the most sought-after pianists in the world will be an inspiring event, not to be missed!\" \/>\n<meta name=\"twitter:image\" content=\"http:\/\/trasimenomusicfestival.com\/os\/wp-content\/uploads\/2018\/10\/masterclass2010.jpg\" \/>\n<meta name=\"twitter:site\" content=\"@TrasimenoMusic\" \/>\n<meta name=\"twitter:label1\" content=\"Tempo di lettura stimato\" \/>\n\t<meta name=\"twitter:data1\" content=\"6 minuti\" \/>\n<script type=\"application\/ld+json\" class=\"yoast-schema-graph\">{\"@context\":\"https:\\\/\\\/schema.org\",\"@graph\":[{\"@type\":\"WebPage\",\"@id\":\"https:\\\/\\\/trasimenomusicfestival.com\\\/masterclasses\\\/\",\"url\":\"https:\\\/\\\/trasimenomusicfestival.com\\\/masterclasses\\\/\",\"name\":\"Masterclasses - Trasimeno Music Festival\",\"isPartOf\":{\"@id\":\"https:\\\/\\\/trasimenomusicfestival.com\\\/#website\"},\"primaryImageOfPage\":{\"@id\":\"https:\\\/\\\/trasimenomusicfestival.com\\\/masterclasses\\\/#primaryimage\"},\"image\":{\"@id\":\"https:\\\/\\\/trasimenomusicfestival.com\\\/masterclasses\\\/#primaryimage\"},\"thumbnailUrl\":\"http:\\\/\\\/trasimenomusicfestival.com\\\/os\\\/wp-content\\\/uploads\\\/2018\\\/10\\\/masterclass2010.jpg\",\"datePublished\":\"2018-08-15T12:48:33+00:00\",\"dateModified\":\"2023-08-17T07:11:18+00:00\",\"description\":\"Angela Hewitt invites you to take part in her fourth International Piano Masterclass in beautiful Umbria. The chance to participate in a masterclass for a week with one of the most sought-after pianists in the world will be an inspiring event, not to be missed!\",\"breadcrumb\":{\"@id\":\"https:\\\/\\\/trasimenomusicfestival.com\\\/masterclasses\\\/#breadcrumb\"},\"inLanguage\":\"it-IT\",\"potentialAction\":[{\"@type\":\"ReadAction\",\"target\":[\"https:\\\/\\\/trasimenomusicfestival.com\\\/masterclasses\\\/\"]}]},{\"@type\":\"ImageObject\",\"inLanguage\":\"it-IT\",\"@id\":\"https:\\\/\\\/trasimenomusicfestival.com\\\/masterclasses\\\/#primaryimage\",\"url\":\"http:\\\/\\\/trasimenomusicfestival.com\\\/os\\\/wp-content\\\/uploads\\\/2018\\\/10\\\/masterclass2010.jpg\",\"contentUrl\":\"http:\\\/\\\/trasimenomusicfestival.com\\\/os\\\/wp-content\\\/uploads\\\/2018\\\/10\\\/masterclass2010.jpg\"},{\"@type\":\"BreadcrumbList\",\"@id\":\"https:\\\/\\\/trasimenomusicfestival.com\\\/masterclasses\\\/#breadcrumb\",\"itemListElement\":[{\"@type\":\"ListItem\",\"position\":1,\"name\":\"Home\",\"item\":\"https:\\\/\\\/trasimenomusicfestival.com\\\/\"},{\"@type\":\"ListItem\",\"position\":2,\"name\":\"Masterclasses\"}]},{\"@type\":\"WebSite\",\"@id\":\"https:\\\/\\\/trasimenomusicfestival.com\\\/#website\",\"url\":\"https:\\\/\\\/trasimenomusicfestival.com\\\/\",\"name\":\"Trasimeno Music Festival\",\"description\":\"Concerti estivi in Umbria e sulle rive del Lago Trasimeno.\",\"publisher\":{\"@id\":\"https:\\\/\\\/trasimenomusicfestival.com\\\/#organization\"},\"potentialAction\":[{\"@type\":\"SearchAction\",\"target\":{\"@type\":\"EntryPoint\",\"urlTemplate\":\"https:\\\/\\\/trasimenomusicfestival.com\\\/?s={search_term_string}\"},\"query-input\":{\"@type\":\"PropertyValueSpecification\",\"valueRequired\":true,\"valueName\":\"search_term_string\"}}],\"inLanguage\":\"it-IT\"},{\"@type\":\"Organization\",\"@id\":\"https:\\\/\\\/trasimenomusicfestival.com\\\/#organization\",\"name\":\"Trasimeno Music Festival\",\"url\":\"https:\\\/\\\/trasimenomusicfestival.com\\\/\",\"logo\":{\"@type\":\"ImageObject\",\"inLanguage\":\"it-IT\",\"@id\":\"https:\\\/\\\/trasimenomusicfestival.com\\\/#\\\/schema\\\/logo\\\/image\\\/\",\"url\":\"https:\\\/\\\/trasimenomusicfestival.com\\\/os\\\/wp-content\\\/uploads\\\/2018\\\/08\\\/TMF-logo.jpg\",\"contentUrl\":\"https:\\\/\\\/trasimenomusicfestival.com\\\/os\\\/wp-content\\\/uploads\\\/2018\\\/08\\\/TMF-logo.jpg\",\"width\":1280,\"height\":854,\"caption\":\"Trasimeno Music Festival\"},\"image\":{\"@id\":\"https:\\\/\\\/trasimenomusicfestival.com\\\/#\\\/schema\\\/logo\\\/image\\\/\"},\"sameAs\":[\"https:\\\/\\\/www.facebook.com\\\/pages\\\/Trasimeno-Music-Festival\\\/133308716785209\",\"https:\\\/\\\/x.com\\\/TrasimenoMusic\",\"https:\\\/\\\/www.youtube.com\\\/channel\\\/UC-FOdrJ8yYapx2cweIM3fYA\"]}]}<\/script>\n<!-- \/ Yoast SEO plugin. -->","yoast_head_json":{"title":"Masterclasses - Trasimeno Music Festival","description":"Angela Hewitt invites you to take part in her fourth International Piano Masterclass in beautiful Umbria. The chance to participate in a masterclass for a week with one of the most sought-after pianists in the world will be an inspiring event, not to be missed!","robots":{"index":"index","follow":"follow","max-snippet":"max-snippet:-1","max-image-preview":"max-image-preview:large","max-video-preview":"max-video-preview:-1"},"canonical":"https:\/\/trasimenomusicfestival.com\/masterclasses\/","twitter_card":"summary_large_image","twitter_title":"Masterclasses - Trasimeno Music Festival","twitter_description":"Angela Hewitt invites you to take part in her fourth International Piano Masterclass in beautiful Umbria. The chance to participate in a masterclass for a week with one of the most sought-after pianists in the world will be an inspiring event, not to be missed!","twitter_image":"http:\/\/trasimenomusicfestival.com\/os\/wp-content\/uploads\/2018\/10\/masterclass2010.jpg","twitter_site":"@TrasimenoMusic","twitter_misc":{"Tempo di lettura stimato":"6 minuti"},"schema":{"@context":"https:\/\/schema.org","@graph":[{"@type":"WebPage","@id":"https:\/\/trasimenomusicfestival.com\/masterclasses\/","url":"https:\/\/trasimenomusicfestival.com\/masterclasses\/","name":"Masterclasses - Trasimeno Music Festival","isPartOf":{"@id":"https:\/\/trasimenomusicfestival.com\/#website"},"primaryImageOfPage":{"@id":"https:\/\/trasimenomusicfestival.com\/masterclasses\/#primaryimage"},"image":{"@id":"https:\/\/trasimenomusicfestival.com\/masterclasses\/#primaryimage"},"thumbnailUrl":"http:\/\/trasimenomusicfestival.com\/os\/wp-content\/uploads\/2018\/10\/masterclass2010.jpg","datePublished":"2018-08-15T12:48:33+00:00","dateModified":"2023-08-17T07:11:18+00:00","description":"Angela Hewitt invites you to take part in her fourth International Piano Masterclass in beautiful Umbria. The chance to participate in a masterclass for a week with one of the most sought-after pianists in the world will be an inspiring event, not to be missed!","breadcrumb":{"@id":"https:\/\/trasimenomusicfestival.com\/masterclasses\/#breadcrumb"},"inLanguage":"it-IT","potentialAction":[{"@type":"ReadAction","target":["https:\/\/trasimenomusicfestival.com\/masterclasses\/"]}]},{"@type":"ImageObject","inLanguage":"it-IT","@id":"https:\/\/trasimenomusicfestival.com\/masterclasses\/#primaryimage","url":"http:\/\/trasimenomusicfestival.com\/os\/wp-content\/uploads\/2018\/10\/masterclass2010.jpg","contentUrl":"http:\/\/trasimenomusicfestival.com\/os\/wp-content\/uploads\/2018\/10\/masterclass2010.jpg"},{"@type":"BreadcrumbList","@id":"https:\/\/trasimenomusicfestival.com\/masterclasses\/#breadcrumb","itemListElement":[{"@type":"ListItem","position":1,"name":"Home","item":"https:\/\/trasimenomusicfestival.com\/"},{"@type":"ListItem","position":2,"name":"Masterclasses"}]},{"@type":"WebSite","@id":"https:\/\/trasimenomusicfestival.com\/#website","url":"https:\/\/trasimenomusicfestival.com\/","name":"Trasimeno Music Festival","description":"Concerti estivi in Umbria e sulle rive del Lago Trasimeno.","publisher":{"@id":"https:\/\/trasimenomusicfestival.com\/#organization"},"potentialAction":[{"@type":"SearchAction","target":{"@type":"EntryPoint","urlTemplate":"https:\/\/trasimenomusicfestival.com\/?s={search_term_string}"},"query-input":{"@type":"PropertyValueSpecification","valueRequired":true,"valueName":"search_term_string"}}],"inLanguage":"it-IT"},{"@type":"Organization","@id":"https:\/\/trasimenomusicfestival.com\/#organization","name":"Trasimeno Music Festival","url":"https:\/\/trasimenomusicfestival.com\/","logo":{"@type":"ImageObject","inLanguage":"it-IT","@id":"https:\/\/trasimenomusicfestival.com\/#\/schema\/logo\/image\/","url":"https:\/\/trasimenomusicfestival.com\/os\/wp-content\/uploads\/2018\/08\/TMF-logo.jpg","contentUrl":"https:\/\/trasimenomusicfestival.com\/os\/wp-content\/uploads\/2018\/08\/TMF-logo.jpg","width":1280,"height":854,"caption":"Trasimeno Music Festival"},"image":{"@id":"https:\/\/trasimenomusicfestival.com\/#\/schema\/logo\/image\/"},"sameAs":["https:\/\/www.facebook.com\/pages\/Trasimeno-Music-Festival\/133308716785209","https:\/\/x.com\/TrasimenoMusic","https:\/\/www.youtube.com\/channel\/UC-FOdrJ8yYapx2cweIM3fYA"]}]}},"_links":{"self":[{"href":"https:\/\/trasimenomusicfestival.com\/it\/wp-json\/wp\/v2\/pages\/3110","targetHints":{"allow":["GET"]}}],"collection":[{"href":"https:\/\/trasimenomusicfestival.com\/it\/wp-json\/wp\/v2\/pages"}],"about":[{"href":"https:\/\/trasimenomusicfestival.com\/it\/wp-json\/wp\/v2\/types\/page"}],"author":[{"embeddable":true,"href":"https:\/\/trasimenomusicfestival.com\/it\/wp-json\/wp\/v2\/users\/2"}],"replies":[{"embeddable":true,"href":"https:\/\/trasimenomusicfestival.com\/it\/wp-json\/wp\/v2\/comments?post=3110"}],"version-history":[{"count":44,"href":"https:\/\/trasimenomusicfestival.com\/it\/wp-json\/wp\/v2\/pages\/3110\/revisions"}],"predecessor-version":[{"id":9616,"href":"https:\/\/trasimenomusicfestival.com\/it\/wp-json\/wp\/v2\/pages\/3110\/revisions\/9616"}],"wp:attachment":[{"href":"https:\/\/trasimenomusicfestival.com\/it\/wp-json\/wp\/v2\/media?parent=3110"}],"curies":[{"name":"wp","href":"https:\/\/api.w.org\/{rel}","templated":true}]}}