{"id":206,"date":"2018-08-10T16:13:53","date_gmt":"2018-08-10T15:13:53","guid":{"rendered":"http:\/\/trasimenomusicfestival.angelahewitt.org\/os\/?page_id=206"},"modified":"2025-12-19T15:24:48","modified_gmt":"2025-12-19T15:24:48","slug":"donations","status":"publish","type":"page","link":"https:\/\/trasimenomusicfestival.com\/it\/donations\/","title":{"rendered":"Donazioni"},"content":{"rendered":"<img loading=\"lazy\" decoding=\"async\" src=\"https:\/\/trasimenomusicfestival.com\/os\/wp-content\/uploads\/2018\/10\/donations.jpg\" alt=\"\" width=\"920\" height=\"150\" class=\"alignnone size-full wp-image-4547\" srcset=\"https:\/\/trasimenomusicfestival.com\/os\/wp-content\/uploads\/2018\/10\/donations.jpg 920w, https:\/\/trasimenomusicfestival.com\/os\/wp-content\/uploads\/2018\/10\/donations-350x57.jpg 350w, https:\/\/trasimenomusicfestival.com\/os\/wp-content\/uploads\/2018\/10\/donations-300x49.jpg 300w, https:\/\/trasimenomusicfestival.com\/os\/wp-content\/uploads\/2018\/10\/donations-768x125.jpg 768w\" sizes=\"auto, (max-width: 920px) 100vw, 920px\" \/><\/p>\n<div class=\"column-half first\">Per realizzare il <strong>Trasimeno Music Festival<\/strong> abbiamo bisogno del vostro sostegno.<\/p>\n<p>Diventare Platinum Patron, Gold Patron, Patron, Donor, Contributor, Supporter, Friend oppure Youth Friend vi dar\u00e0 accesso preferenziale alle prenotazioni, che verranno comunicate preventivamente; prenotare in anticipo \u00e8 fortemente raccomandato per assicurarsi il posto, poich\u00e9 alcune delle sedi dei concerti sono molto intime ed hanno una capienza limitata.<br \/>\nUna donazione vi garantir\u00e0 la priorit\u00e0 per le prenotazioni, posti migliori (in base al livello di donazione) e l&#8217;invito ad un evento esclusivo durante il festival &#8211; riservato solo a Contributors, Donors, Patrons, Gold Patrons, e Platinum Patrons.<\/p>\n<div class=\"standardbox\">In quanto <strong>donatori di livello Platinum<\/strong> sarete invitati non solo all&#8217;evento speciale riservato ai Donors, ma anche ad una cena privata a casa di Angela Hewitt durante il festival; inoltre, riceverete in dono una bottiglia di Olio Extra Vergine di Oliva ottenuto dagli olivi di Angela, e sar\u00e0 Angela in persona a scegliere i vostri posti per tutti gli eventi della settimana.<\/div>\n<div class=\"standardbox\"><em>Livelli di donazione:<\/em><br \/>\n<strong>Platinum Patron<\/strong> 8000 &euro; e oltre<br \/>\n<strong>Gold Patron<\/strong> 4000 &#8211; 7999 &euro;<br \/>\n<strong>Patron<\/strong> 2000 &euro; &#8211; 3999 &euro;<br \/>\n<strong>Donor<\/strong> 800 &euro; &#8211; 1999 &euro;<br \/>\n<strong>Contributor <\/strong> 400 &euro; &#8211; 799 &euro;<br \/>\n<strong>Supporter <\/strong> 250 &euro; &#8211; 399 &euro;<br \/>\n<strong>Friend <\/strong> 85 &euro; &#8211; 249 &euro;<br \/>\n<strong>Young Friend <\/strong> (fino a 25 anni di et\u00e0) 25 &euro; &#8211; 84 &euro;<\/div>\n<\/div><div class=\"column-half second\">\n<div class=\"standardbox\" style=\"padding: 0;\">\n<ul>\n<li style=\"border-bottom: 1px solid rgba(0,0,0,0.13);\"><img decoding=\"async\" class=\"img-responsive\" src=\"https:\/\/trasimenomusicfestival.com\/os\/wp-content\/plugins\/qtranslate-x\/flags\/ca.png\" alt=\"Canada\" \/> <strong>If you are resident in Canada<\/strong>, please <a class=\"comment\" href=\"https:\/\/trasimenomusicfestival.com\/it\/donations-canada\/\">click here<\/a><\/li>\n<li style=\"border-bottom: 1px solid rgba(0,0,0,0.13);\"><img decoding=\"async\" class=\"img-responsive\" src=\"https:\/\/trasimenomusicfestival.com\/os\/wp-content\/plugins\/qtranslate-x\/flags\/gb.png\" alt=\"United Kingdom\" \/> <strong>If you are resident in the UK<\/strong>, please <a class=\"comment\" href=\"https:\/\/trasimenomusicfestival.com\/it\/donations-uk\/\">click here<\/a><\/li>\n<li><img decoding=\"async\" class=\"img-responsive\" src=\"https:\/\/trasimenomusicfestival.com\/os\/wp-content\/plugins\/qtranslate-x\/flags\/us.png\" alt=\"United States\" \/> <strong>If you are resident in the USA<\/strong>, please <a class=\"comment\" href=\"https:\/\/trasimenomusicfestival.com\/it\/donations-usa\/\">click here<\/a><\/li>\n<\/ul>\n<\/div>\n<p><em>Se siete residenti nel Regno Unito, in Canada o negli Stati Uniti, potete effettuare la vostra donazione attraverso una delle associazioni senza scopo di lucro che abbiamo in quei Paesi. Cliccate sul link pi\u00f9 adatto a voi nella tabella qui sopra. Grazie!<\/em><\/p>\n<h3>Grazie per il vostro sostegno!<\/h3>\n<p>Accettiamo con gratitudine qualsiasi donazione, piccola o grande che sia, soprattutto se non potrete partecipare al festival quest&#8217;anno. Il vostro contributo sar\u00e0 menzionato sul nostro sito, a meno che non richiediate l&#8217;anonimato.<\/p>\n<p><iframe src=\"https:\/\/trasimenomusicfestival.com\/xpay\/\" style=\"border-width: 0;width: 100%;height: 340px;\"><\/iframe><\/div>","protected":false},"excerpt":{"rendered":"<a class=\"readmore\" href=\"https:\/\/trasimenomusicfestival.com\/it\/donations\/\"><span>leggi tutto<\/span><\/a>","protected":false},"author":2,"featured_media":0,"parent":0,"menu_order":90,"comment_status":"closed","ping_status":"closed","template":"","meta":{"_monsterinsights_skip_tracking":false,"_monsterinsights_sitenote_active":false,"_monsterinsights_sitenote_note":"","_monsterinsights_sitenote_category":0,"footnotes":""},"class_list":["post-206","page","type-page","status-publish","hentry"],"yoast_head":"<!-- This site is optimized with the Yoast SEO plugin v27.3 - https:\/\/yoast.com\/product\/yoast-seo-wordpress\/ -->\n<title>Donations - Trasimeno Music Festival<\/title>\n<meta name=\"robots\" content=\"index, follow, max-snippet:-1, max-image-preview:large, max-video-preview:-1\" \/>\n<link rel=\"canonical\" href=\"https:\/\/trasimenomusicfestival.com\/donations\/\" \/>\n<meta name=\"twitter:card\" content=\"summary_large_image\" \/>\n<meta name=\"twitter:title\" content=\"Donations - Trasimeno Music Festival\" \/>\n<meta name=\"twitter:image\" content=\"https:\/\/trasimenomusicfestival.com\/os\/wp-content\/uploads\/2018\/10\/donations.jpg\" \/>\n<meta name=\"twitter:site\" content=\"@TrasimenoMusic\" \/>\n<meta name=\"twitter:label1\" content=\"Tempo di lettura stimato\" \/>\n\t<meta name=\"twitter:data1\" content=\"3 minuti\" \/>\n<script type=\"application\/ld+json\" class=\"yoast-schema-graph\">{\"@context\":\"https:\\\/\\\/schema.org\",\"@graph\":[{\"@type\":\"WebPage\",\"@id\":\"https:\\\/\\\/trasimenomusicfestival.com\\\/donations\\\/\",\"url\":\"https:\\\/\\\/trasimenomusicfestival.com\\\/donations\\\/\",\"name\":\"Donations - Trasimeno Music Festival\",\"isPartOf\":{\"@id\":\"https:\\\/\\\/trasimenomusicfestival.com\\\/#website\"},\"primaryImageOfPage\":{\"@id\":\"https:\\\/\\\/trasimenomusicfestival.com\\\/donations\\\/#primaryimage\"},\"image\":{\"@id\":\"https:\\\/\\\/trasimenomusicfestival.com\\\/donations\\\/#primaryimage\"},\"thumbnailUrl\":\"https:\\\/\\\/trasimenomusicfestival.com\\\/os\\\/wp-content\\\/uploads\\\/2018\\\/10\\\/donations.jpg\",\"datePublished\":\"2018-08-10T15:13:53+00:00\",\"dateModified\":\"2025-12-19T15:24:48+00:00\",\"breadcrumb\":{\"@id\":\"https:\\\/\\\/trasimenomusicfestival.com\\\/donations\\\/#breadcrumb\"},\"inLanguage\":\"it-IT\",\"potentialAction\":[{\"@type\":\"ReadAction\",\"target\":[\"https:\\\/\\\/trasimenomusicfestival.com\\\/donations\\\/\"]}]},{\"@type\":\"ImageObject\",\"inLanguage\":\"it-IT\",\"@id\":\"https:\\\/\\\/trasimenomusicfestival.com\\\/donations\\\/#primaryimage\",\"url\":\"https:\\\/\\\/trasimenomusicfestival.com\\\/os\\\/wp-content\\\/uploads\\\/2018\\\/10\\\/donations.jpg\",\"contentUrl\":\"https:\\\/\\\/trasimenomusicfestival.com\\\/os\\\/wp-content\\\/uploads\\\/2018\\\/10\\\/donations.jpg\"},{\"@type\":\"BreadcrumbList\",\"@id\":\"https:\\\/\\\/trasimenomusicfestival.com\\\/donations\\\/#breadcrumb\",\"itemListElement\":[{\"@type\":\"ListItem\",\"position\":1,\"name\":\"Home\",\"item\":\"https:\\\/\\\/trasimenomusicfestival.com\\\/\"},{\"@type\":\"ListItem\",\"position\":2,\"name\":\"Donations\"}]},{\"@type\":\"WebSite\",\"@id\":\"https:\\\/\\\/trasimenomusicfestival.com\\\/#website\",\"url\":\"https:\\\/\\\/trasimenomusicfestival.com\\\/\",\"name\":\"Trasimeno Music Festival\",\"description\":\"Concerti estivi in Umbria e sulle rive del Lago Trasimeno.\",\"publisher\":{\"@id\":\"https:\\\/\\\/trasimenomusicfestival.com\\\/#organization\"},\"potentialAction\":[{\"@type\":\"SearchAction\",\"target\":{\"@type\":\"EntryPoint\",\"urlTemplate\":\"https:\\\/\\\/trasimenomusicfestival.com\\\/?s={search_term_string}\"},\"query-input\":{\"@type\":\"PropertyValueSpecification\",\"valueRequired\":true,\"valueName\":\"search_term_string\"}}],\"inLanguage\":\"it-IT\"},{\"@type\":\"Organization\",\"@id\":\"https:\\\/\\\/trasimenomusicfestival.com\\\/#organization\",\"name\":\"Trasimeno Music Festival\",\"url\":\"https:\\\/\\\/trasimenomusicfestival.com\\\/\",\"logo\":{\"@type\":\"ImageObject\",\"inLanguage\":\"it-IT\",\"@id\":\"https:\\\/\\\/trasimenomusicfestival.com\\\/#\\\/schema\\\/logo\\\/image\\\/\",\"url\":\"https:\\\/\\\/trasimenomusicfestival.com\\\/os\\\/wp-content\\\/uploads\\\/2018\\\/08\\\/TMF-logo.jpg\",\"contentUrl\":\"https:\\\/\\\/trasimenomusicfestival.com\\\/os\\\/wp-content\\\/uploads\\\/2018\\\/08\\\/TMF-logo.jpg\",\"width\":1280,\"height\":854,\"caption\":\"Trasimeno Music Festival\"},\"image\":{\"@id\":\"https:\\\/\\\/trasimenomusicfestival.com\\\/#\\\/schema\\\/logo\\\/image\\\/\"},\"sameAs\":[\"https:\\\/\\\/www.facebook.com\\\/pages\\\/Trasimeno-Music-Festival\\\/133308716785209\",\"https:\\\/\\\/x.com\\\/TrasimenoMusic\",\"https:\\\/\\\/www.youtube.com\\\/channel\\\/UC-FOdrJ8yYapx2cweIM3fYA\"]}]}<\/script>\n<!-- \/ Yoast SEO plugin. -->","yoast_head_json":{"title":"Donations - Trasimeno Music Festival","robots":{"index":"index","follow":"follow","max-snippet":"max-snippet:-1","max-image-preview":"max-image-preview:large","max-video-preview":"max-video-preview:-1"},"canonical":"https:\/\/trasimenomusicfestival.com\/donations\/","twitter_card":"summary_large_image","twitter_title":"Donations - Trasimeno Music Festival","twitter_image":"https:\/\/trasimenomusicfestival.com\/os\/wp-content\/uploads\/2018\/10\/donations.jpg","twitter_site":"@TrasimenoMusic","twitter_misc":{"Tempo di lettura stimato":"3 minuti"},"schema":{"@context":"https:\/\/schema.org","@graph":[{"@type":"WebPage","@id":"https:\/\/trasimenomusicfestival.com\/donations\/","url":"https:\/\/trasimenomusicfestival.com\/donations\/","name":"Donations - Trasimeno Music Festival","isPartOf":{"@id":"https:\/\/trasimenomusicfestival.com\/#website"},"primaryImageOfPage":{"@id":"https:\/\/trasimenomusicfestival.com\/donations\/#primaryimage"},"image":{"@id":"https:\/\/trasimenomusicfestival.com\/donations\/#primaryimage"},"thumbnailUrl":"https:\/\/trasimenomusicfestival.com\/os\/wp-content\/uploads\/2018\/10\/donations.jpg","datePublished":"2018-08-10T15:13:53+00:00","dateModified":"2025-12-19T15:24:48+00:00","breadcrumb":{"@id":"https:\/\/trasimenomusicfestival.com\/donations\/#breadcrumb"},"inLanguage":"it-IT","potentialAction":[{"@type":"ReadAction","target":["https:\/\/trasimenomusicfestival.com\/donations\/"]}]},{"@type":"ImageObject","inLanguage":"it-IT","@id":"https:\/\/trasimenomusicfestival.com\/donations\/#primaryimage","url":"https:\/\/trasimenomusicfestival.com\/os\/wp-content\/uploads\/2018\/10\/donations.jpg","contentUrl":"https:\/\/trasimenomusicfestival.com\/os\/wp-content\/uploads\/2018\/10\/donations.jpg"},{"@type":"BreadcrumbList","@id":"https:\/\/trasimenomusicfestival.com\/donations\/#breadcrumb","itemListElement":[{"@type":"ListItem","position":1,"name":"Home","item":"https:\/\/trasimenomusicfestival.com\/"},{"@type":"ListItem","position":2,"name":"Donations"}]},{"@type":"WebSite","@id":"https:\/\/trasimenomusicfestival.com\/#website","url":"https:\/\/trasimenomusicfestival.com\/","name":"Trasimeno Music Festival","description":"Concerti estivi in Umbria e sulle rive del Lago Trasimeno.","publisher":{"@id":"https:\/\/trasimenomusicfestival.com\/#organization"},"potentialAction":[{"@type":"SearchAction","target":{"@type":"EntryPoint","urlTemplate":"https:\/\/trasimenomusicfestival.com\/?s={search_term_string}"},"query-input":{"@type":"PropertyValueSpecification","valueRequired":true,"valueName":"search_term_string"}}],"inLanguage":"it-IT"},{"@type":"Organization","@id":"https:\/\/trasimenomusicfestival.com\/#organization","name":"Trasimeno Music Festival","url":"https:\/\/trasimenomusicfestival.com\/","logo":{"@type":"ImageObject","inLanguage":"it-IT","@id":"https:\/\/trasimenomusicfestival.com\/#\/schema\/logo\/image\/","url":"https:\/\/trasimenomusicfestival.com\/os\/wp-content\/uploads\/2018\/08\/TMF-logo.jpg","contentUrl":"https:\/\/trasimenomusicfestival.com\/os\/wp-content\/uploads\/2018\/08\/TMF-logo.jpg","width":1280,"height":854,"caption":"Trasimeno Music Festival"},"image":{"@id":"https:\/\/trasimenomusicfestival.com\/#\/schema\/logo\/image\/"},"sameAs":["https:\/\/www.facebook.com\/pages\/Trasimeno-Music-Festival\/133308716785209","https:\/\/x.com\/TrasimenoMusic","https:\/\/www.youtube.com\/channel\/UC-FOdrJ8yYapx2cweIM3fYA"]}]}},"_links":{"self":[{"href":"https:\/\/trasimenomusicfestival.com\/it\/wp-json\/wp\/v2\/pages\/206","targetHints":{"allow":["GET"]}}],"collection":[{"href":"https:\/\/trasimenomusicfestival.com\/it\/wp-json\/wp\/v2\/pages"}],"about":[{"href":"https:\/\/trasimenomusicfestival.com\/it\/wp-json\/wp\/v2\/types\/page"}],"author":[{"embeddable":true,"href":"https:\/\/trasimenomusicfestival.com\/it\/wp-json\/wp\/v2\/users\/2"}],"replies":[{"embeddable":true,"href":"https:\/\/trasimenomusicfestival.com\/it\/wp-json\/wp\/v2\/comments?post=206"}],"version-history":[{"count":107,"href":"https:\/\/trasimenomusicfestival.com\/it\/wp-json\/wp\/v2\/pages\/206\/revisions"}],"predecessor-version":[{"id":13468,"href":"https:\/\/trasimenomusicfestival.com\/it\/wp-json\/wp\/v2\/pages\/206\/revisions\/13468"}],"wp:attachment":[{"href":"https:\/\/trasimenomusicfestival.com\/it\/wp-json\/wp\/v2\/media?parent=206"}],"curies":[{"name":"wp","href":"https:\/\/api.w.org\/{rel}","templated":true}]}}